{"id":54,"date":"2019-02-25T03:47:42","date_gmt":"2019-02-25T03:47:42","guid":{"rendered":"http:\/\/shtheme.net\/demosd\/pixer\/?page_id=54"},"modified":"2023-05-08T22:13:34","modified_gmt":"2023-05-08T22:13:34","slug":"home-page-01","status":"publish","type":"page","link":"https:\/\/elcaminoweb.com.gt\/","title":{"rendered":""},"content":{"rendered":"[vc_row][vc_column]\n    <section class=\"banner-section\" id=\"home-banner\" style=\"background-image:url(https:\/\/elcaminoweb.com.gt\/wp-content\/uploads\/2019\/02\/13.png)\">\n\n        <div class=\"auto-container\">\n\n            <div class=\"clearfix\">\n\n                <div class=\"content\">\n\n                    <h1>El Camino Web<\/h1>\n\n                    <div class=\"text\">Ponemos tus sue\u00f1os en la nube<\/div>\n\n                    <a href=\"#package-monthly\" class=\"theme-btn btn-style-one\">Conoce nuestros planes<\/a>\n\n                <\/div>\n\n                <div class=\"image-box\">\n\n                    <figure class=\"image\">\n\n                        <img decoding=\"async\" src=\"https:\/\/elcaminoweb.com.gt\/wp-content\/uploads\/2019\/02\/1.png\" alt=\"\">\n\n                    <\/figure>\n\n                <\/div>\n\n            <\/div>\n\n        <\/div>\n\n    <\/section>\n\n[\/vc_column][\/vc_row][vc_row type_row=\u00bbabout_style_1&#8243; ses_title_2=\u00bbNuestros Servicios\u00bb ses_subtitle_2=\u00bbNos especializamos en brindar soluciones digitales a medida para nuestros clientes. Contamos con un equipo altamente calificado de expertos en dise\u00f1o web, desarrollo web y m\u00e1s, que trabajan juntos para brindar servicios personalizados y de alta calidad.\u00bb ses_image=\u00bb67&#8243; ses_image2=\u00bb68&#8243;][vc_column width=\u00bb1\/2&#8243; type=\u00bbskills\u00bb]\n    <div class=\"skill-item\">\n\n        <div class=\"skill-header clearfix\">\n\n            <div class=\"skill-title\">Ventas en l\u00ednea garantizadas<\/div>\n\n            <div class=\"skill-percentage\"><div class=\"count-box\"><span class=\"count-text\" data-speed=\"2000\" data-stop=\"100\">0<\/span>%<\/div><\/div>\n\n        <\/div>\n\n        <div class=\"skill-bar\">\n\n            <div class=\"bar-inner\"><div class=\"bar progress-line\" data-width=\"100\"><\/div><\/div>\n\n        <\/div>\n\n    <\/div>\n\n\n    <div class=\"skill-item\">\n\n        <div class=\"skill-header clearfix\">\n\n            <div class=\"skill-title\">Posicionamiento org\u00e1nico<\/div>\n\n            <div class=\"skill-percentage\"><div class=\"count-box\"><span class=\"count-text\" data-speed=\"2000\" data-stop=\"100\">0<\/span>%<\/div><\/div>\n\n        <\/div>\n\n        <div class=\"skill-bar\">\n\n            <div class=\"bar-inner\"><div class=\"bar progress-line\" data-width=\"100\"><\/div><\/div>\n\n        <\/div>\n\n    <\/div>\n\n\n    <div class=\"skill-item\">\n\n        <div class=\"skill-header clearfix\">\n\n            <div class=\"skill-title\">Dise\u00f1o full responsive<\/div>\n\n            <div class=\"skill-percentage\"><div class=\"count-box\"><span class=\"count-text\" data-speed=\"2000\" data-stop=\"100\">0<\/span>%<\/div><\/div>\n\n        <\/div>\n\n        <div class=\"skill-bar\">\n\n            <div class=\"bar-inner\"><div class=\"bar progress-line\" data-width=\"100\"><\/div><\/div>\n\n        <\/div>\n\n    <\/div>\n\n[\/vc_column][vc_column width=\u00bb1\/2&#8243;]\n    <div class=\"author-box\">\n\n        <div class=\"box-inner\">\n\n            <div class=\"image\"><img decoding=\"async\" src=\"https:\/\/elcaminoweb.com.gt\/wp-content\/uploads\/2019\/02\/team-4.jpg\" alt=\"\" \/><\/div>\n\n            <h3>Julio Velasquez<\/h3>\n\n            <div class=\"designation\">Fundador y CEO<\/div>\n\n            <div class=\"signature\"><img decoding=\"async\" src=\"https:\/\/elcaminoweb.com.gt\/wp-content\/uploads\/2019\/02\/signature.png\" alt=\"\" \/><\/div>\n\n        <\/div>\n\n    <\/div>\n\n[\/vc_column][\/vc_row][vc_row][vc_column]\r\n\r\n\n    <section class=\"video-section\">\n\n        <div class=\"auto-container\">\n\n            <!-- Sec Title -->\n\n            <div class=\"sec-title centered\">\n\n                <div class=\"title\"><\/div>\n\n                <h2>Descubre la <span>pasi\u00f3n<\/span> que impulsa nuestro trabajo<\/h2>\n\n            <\/div>\n\n            \n\n            <!--Video Box-->\n\n            <div class=\"video-box\">\n\n                <div class=\"title\"><\/div>\n\n                <a href=\"https:\/\/www.youtube.com\/watch?v=kxPCFljwJws\" class=\"lightbox-image overlay-box\"><span class=\"flaticon-play-button\"><i class=\"ripple\"><\/i><\/span><\/a>\n\n                <div class=\"side-image\">\n\n                    <img decoding=\"async\" src=\"https:\/\/elcaminoweb.com.gt\/wp-content\/uploads\/2019\/02\/side-img.png\" alt=\"\">\n\n                <\/div>\n\n            <\/div>\n\n            \n\n        <\/div>\n\n    <\/section>\n\n\r\n\r\n[\/vc_column][\/vc_row][vc_row][vc_column][vc_raw_html]JTNDZGl2JTIwY2xhc3MlM0QlMjJzZWMtdGl0bGUlMjBjZW50ZXJlZCUyMiUzRSUwQSUzQ2gyJTNFQWxndW5vcyUyMGRlJTIwbnVlc3Ryb3MlMjAlM0NzcGFuJTNFY2xpZW50ZXMlM0MlMkZzcGFuJTNFJTNDJTJGaDIlM0UlMEElM0MlMkZkaXYlM0U=[\/vc_raw_html][\/vc_column][\/vc_row][vc_row type_row=\u00bbsponsor\u00bb ses_title=\u00bbClientes que conf\u00edan en nosotros\u00bb ses_title_2=\u00bbClientes que conf\u00edan en nosotros\u00bb ses_subtitle=\u00bbClientes que conf\u00edan en nosotros\u00bb ses_subtitle_2=\u00bbClientes que conf\u00edan en nosotros\u00bb ses_text_1=\u00bbClientes que conf\u00edan en nosotros\u00bb ses_text_2=\u00bbClientes que conf\u00edan en nosotros\u00bb ses_text_3=\u00bbClientes que conf\u00edan en nosotros\u00bb][vc_column]\n    <li><div class=\"image-box\"><a href=\"https:\/\/gracademy.gt\/\"><img decoding=\"async\" src=\"https:\/\/elcaminoweb.com.gt\/wp-content\/uploads\/2023\/04\/gracademy-2.png\" alt=\"\"><\/a><\/div><\/li>\n\n\n    <li><div class=\"image-box\"><a href=\"https:\/\/www.gospelrevolution.gt\/\"><img decoding=\"async\" src=\"https:\/\/elcaminoweb.com.gt\/wp-content\/uploads\/2023\/04\/gospelrevolution-1.png\" alt=\"\"><\/a><\/div><\/li>\n\n\n    <li><div class=\"image-box\"><a href=\"https:\/\/www.ebi.com.gt\/#ebilinkhome\"><img decoding=\"async\" src=\"https:\/\/elcaminoweb.com.gt\/wp-content\/uploads\/2023\/04\/ebilink.png\" alt=\"\"><\/a><\/div><\/li>\n\n\n    <li><div class=\"image-box\"><a href=\"https:\/\/www.ebi.com.gt\/#ebimallhome\"><img decoding=\"async\" src=\"https:\/\/elcaminoweb.com.gt\/wp-content\/uploads\/2023\/04\/ebimall.png\" alt=\"\"><\/a><\/div><\/li>\n\n\n    <li><div class=\"image-box\"><a href=\"https:\/\/shopshop.com.gt\/\"><img decoding=\"async\" src=\"https:\/\/elcaminoweb.com.gt\/wp-content\/uploads\/2023\/04\/shopshop-2.png\" alt=\"\"><\/a><\/div><\/li>\n\n\n    <li><div class=\"image-box\"><a href=\"https:\/\/www.corporacionbi.com\/gt\/bancoindustrial\/visa-en-link\/\"><img decoding=\"async\" src=\"https:\/\/elcaminoweb.com.gt\/wp-content\/uploads\/2023\/04\/visaenlink.png\" alt=\"\"><\/a><\/div><\/li>\n\n\n    <li><div class=\"image-box\"><a href=\"https:\/\/www.ebi.com.gt\/#ebipayhome\"><img decoding=\"async\" src=\"https:\/\/elcaminoweb.com.gt\/wp-content\/uploads\/2023\/04\/ebipay.png\" alt=\"\"><\/a><\/div><\/li>\n\n\n    <li><div class=\"image-box\"><a href=\"https:\/\/www.ebi.com.gt\/#ebicontrolhome\"><img decoding=\"async\" src=\"https:\/\/elcaminoweb.com.gt\/wp-content\/uploads\/2023\/04\/ebicontrol.png\" alt=\"\"><\/a><\/div><\/li>\n\n\n    <li><div class=\"image-box\"><a href=\"#\"><img decoding=\"async\" src=\"https:\/\/elcaminoweb.com.gt\/wp-content\/uploads\/2023\/04\/posvirtual.png\" alt=\"\"><\/a><\/div><\/li>\n\n[\/vc_column][\/vc_row][vc_row type_row=\u00bbservices\u00bb ses_subtitle=\u00bbMejora la presencia de tu empresa\u00bb][vc_column width=\u00bb1\/3&#8243;]\n    <div class=\"services-block col-lg-4 col-md-6 col-sm-12\">\n\n        <div class=\"inner-box wow fadeInUp\" data-wow-delay=\"0ms\" data-wow-duration=\"1500ms\">\n\n            <div class=\"icon-box\">\n\n                <span class=\"icon\"><img decoding=\"async\" src=\"https:\/\/elcaminoweb.com.gt\/wp-content\/uploads\/2019\/02\/service-1.png\" alt=\"\" \/><\/span>\n\n            <\/div>\n\n            <h5><a href=\"javascript:0\">Acepta Tarjetas<\/a><\/h5>\n\n            <div class=\"text\">\u00bfPor qu\u00e9 es importante tener un sistema de pago en l\u00ednea con esta opci\u00f3n? Ofrecer pagos con tarjeta de cr\u00e9dito o d\u00e9bito en nuestra tienda en l\u00ednea para aumentar las ventas y reducir la fricci\u00f3n del proceso de compra. Los pagos son seguros y protegidos contra fraudes. Los clientes pueden comprar en cualquier momento y lugar sin preocuparse por la comodidad de llevar efectivo. Aceptar pagos con tarjeta de cr\u00e9dito o d\u00e9bito mejora la percepci\u00f3n de nuestra marca y aumenta la confianza de los clientes.<\/div>\n\n            <a href=\"javascript:0\" class=\"plus-box fa fa-plus\"><\/a>\n\n        <\/div>\n\n    <\/div>\n\n[\/vc_column][vc_column width=\u00bb1\/3&#8243;]\n    <div class=\"services-block col-lg-4 col-md-6 col-sm-12\">\n\n        <div class=\"inner-box wow fadeInUp\" data-wow-delay=\"0ms\" data-wow-duration=\"1500ms\">\n\n            <div class=\"icon-box\">\n\n                <span class=\"icon\"><img decoding=\"async\" src=\"https:\/\/elcaminoweb.com.gt\/wp-content\/uploads\/2019\/02\/service-2.png\" alt=\"\" \/><\/span>\n\n            <\/div>\n\n            <h5><a href=\"javascript:0\">Optimizaci\u00f3n SEO<\/a><\/h5>\n\n            <div class=\"text\">La optimizaci\u00f3n SEO es una t\u00e9cnica que utilizamos para mejorar la visibilidad de tu sitio web en los motores de b\u00fasqueda como Google. Cuando alguien busca algo relacionado con tu empresa o industria en Google, queremos que tu sitio web aparezca en los primeros resultados de b\u00fasqueda<\/div>\n\n            <a href=\"javascript:0\" class=\"plus-box fa fa-plus\"><\/a>\n\n        <\/div>\n\n    <\/div>\n\n[\/vc_column][vc_column width=\u00bb1\/3&#8243;]\n    <div class=\"services-block col-lg-4 col-md-6 col-sm-12\">\n\n        <div class=\"inner-box wow fadeInUp\" data-wow-delay=\"0ms\" data-wow-duration=\"1500ms\">\n\n            <div class=\"icon-box\">\n\n                <span class=\"icon\"><img decoding=\"async\" src=\"https:\/\/elcaminoweb.com.gt\/wp-content\/uploads\/2023\/04\/testr-1.png\" alt=\"\" \/><\/span>\n\n            <\/div>\n\n            <h5><a href=\"javascript:0\">Sistemas de control<\/a><\/h5>\n\n            <div class=\"text\">Un sistema de control empresarial ayuda a tomar decisiones informadas, optimiza los procesos y reduce errores. Permite identificar \u00e1reas de mejora y monitorear el rendimiento de la empresa. Proporciona informaci\u00f3n valiosa para establecer objetivos y tomar medidas correctivas para alcanzarlos.<\/div>\n\n            <a href=\"javascript:0\" class=\"plus-box fa fa-plus\"><\/a>\n\n        <\/div>\n\n    <\/div>\n\n[\/vc_column][\/vc_row][vc_row type_row=\u00bbpricing\u00bb ses_title=\u00bbElige la opci\u00f3n adecuada para ti\u00bb ses_title_2=\u00bb\u00a1Encuentra el plan ideal para ti y tu negocio!\u00bb ses_image=\u00bb79&#8243;][vc_column type=\u00bbpricing_period_1&#8243; el_id=\u00bbpricing-section\u00bb]\n    \n    <div class=\"price-block col-lg-4 col-md-6 col-sm-12\">\n\n        <div class=\"inner-box\">\n\n            <div class=\"title-box\">\n\n                <h5>Plan Posicionamiento<\/h5>\n\n                <div class=\"text\"><\/div>\n\n            <\/div>\n\n            <div class=\"price\">Q1,600 <span>\/ Anuales<\/span><\/div>\n\n            <div class=\"lower-box\">\n\n                <ul class=\"price-list\">\n\n                    <li>Promociona tu marca posicion\u00e1ndote en los mejores buscadores<\/li>\n\n                    <li>Formulario de contacto personalizado<\/li>\n\n                    <li style=\"background-color: #f7f7f7;\">30 Day Free Trial<\/li>\n\n                    <li>Google Analytics<\/li>\n\n                    <li>Servidor de ultima generaci\u00f3n Amazon<\/li>\n\n                <\/ul>\n\n                <a href=\"\/?product=pagina-web-informativa\" class=\"theme-btn btn-style-two\">Comprar<\/a>\n\n            <\/div>\n\n        <\/div>\n\n    <\/div>\n\n    \n\n    \n    <div class=\"price-block col-lg-4 col-md-6 col-sm-12\">\n\n        <div class=\"inner-box\">\n\n            <div class=\"title-box\">\n\n                <h5>Plan Radio en L\u00ednea<\/h5>\n\n                <div class=\"text\"><\/div>\n\n            <\/div>\n\n            <div class=\"price\">Q3,500 <span>\/ Anuales<\/span><\/div>\n\n            <div class=\"lower-box\">\n\n                <ul class=\"price-list\">\n\n                    <li>Incluye todas las caracterizas del plan posicionamiento<\/li>\n\n                    <li>Dise\u00f1o de p\u00e1gina web<\/li>\n\n                    <li style=\"background-color: #f7f7f7;\">30 Day Free Trial<\/li>\n\n                    <li>Streaming de audio 24 x 7<\/li>\n\n                    <li>Auto DJ<\/li>\n\n                <\/ul>\n\n                <a href=\"?product=pagina-web-radio-en-linea\" class=\"theme-btn btn-style-two\">Comprar<\/a>\n\n            <\/div>\n\n        <\/div>\n\n    <\/div>\n\n    \n\n    \n    <div class=\"price-block col-lg-4 col-md-6 col-sm-12\">\n\n        <div class=\"inner-box\">\n\n            <div class=\"title-box\">\n\n                <h5>Plan Venta en L\u00ednea<\/h5>\n\n                <div class=\"text\"><\/div>\n\n            <\/div>\n\n            <div class=\"price\">Q3,800 <span>\/ Anuales<\/span><\/div>\n\n            <div class=\"lower-box\">\n\n                <ul class=\"price-list\">\n\n                    <li>Incluye todas las caracter\u00edsticas del plan posicionamiento<\/li>\n\n                    <li>P\u00e1gina web administrable con WooComerce<\/li>\n\n                    <li style=\"background-color: #f7f7f7;\">30 Day Free Trial<\/li>\n\n                    <li>Plugin de pago POSVirtual para pago con tarjetas de Cr\u00e9dito-debito y Visa Cuotas<\/li>\n\n                    <li>Afiliaci\u00f3n a VisaNet Guatemala<\/li>\n\n                <\/ul>\n\n                <a href=\"?product=pagina-web-con-pago-en-linea\" class=\"theme-btn btn-style-two\">Comprar<\/a>\n\n            <\/div>\n\n        <\/div>\n\n    <\/div>\n\n    \n[\/vc_column][\/vc_row][vc_row type_row=\u00bbfaq\u00bb ses_title_2=\u00bbTodo lo que necesitas saber sobre nosotros\u00bb ses_image2=\u00bb97&#8243;][vc_column width=\u00bb1\/3&#8243;]\n    \n    <li class=\"accordion block\">\n\n        <div class=\"acc-btn active\"><div class=\"icon-outer\"><span class=\"icon icon-plus fa fa-plus\"><\/span> <span class=\"icon icon-minus fa fa-minus\"><\/span><\/div>\u00bfPor qu\u00e9 mi empresa necesita una p\u00e1gina web?<\/div>\n\n        <div class=\"acc-content current\">\n\n            <div class=\"content\">\n\n                <div class=\"text\">\n\n                    <p>Te ayudara a llegar a una audiencia m\u00e1s amplia y atraer nuevos clientes<\/p>\n\n                <\/div>\n\n            <\/div>\n\n        <\/div>\n\n    <\/li>\n\n    \n[\/vc_column][vc_column width=\u00bb1\/3&#8243;]\n    \n    <li class=\"accordion block\">\n\n        <div class=\"acc-btn\"><div class=\"icon-outer\"><span class=\"icon icon-plus fa fa-plus\"><\/span> <span class=\"icon icon-minus fa fa-minus\"><\/span><\/div>\u00bfQu\u00e9 beneficios puedo esperar de una p\u00e1gina web?<\/div>\n\n        <div class=\"acc-content\">\n\n            <div class=\"content\">\n\n                <div class=\"text\">\n\n                    <p>Obtendr\u00e1s informaci\u00f3n valiosa sobre los clientes, actividad del sitio y las tendencias del mercado<\/p>\n\n                <\/div>\n\n            <\/div>\n\n        <\/div>\n\n    <\/li>\n\n    \n[\/vc_column][vc_column width=\u00bb1\/3&#8243;]\n    \n    <li class=\"accordion block\">\n\n        <div class=\"acc-btn\"><div class=\"icon-outer\"><span class=\"icon icon-plus fa fa-plus\"><\/span> <span class=\"icon icon-minus fa fa-minus\"><\/span><\/div>\u00bfC\u00f3mo puedo saber si una p\u00e1gina web o un sistema de ventas en l\u00ednea es adecuado para mi empresa?<\/div>\n\n        <div class=\"acc-content\">\n\n            <div class=\"content\">\n\n                <div class=\"text\">\n\n                    <p>Para tomar esta decisi\u00f3n puedes realizarte estas preguntas:\r\n\u00bfMi empresa necesita llegar a una audiencia m\u00e1s amplia?\r\n\u00bfMis clientes prefieren hacer compras en l\u00ednea?\r\n\u00bfMi competencia tiene una presencia en l\u00ednea que necesito igualar?<\/p>\n\n                <\/div>\n\n            <\/div>\n\n        <\/div>\n\n    <\/li>\n\n    \n[\/vc_column][\/vc_row][vc_row type_row=\u00bbfact-counter\u00bb][vc_column width=\u00bb1\/4&#8243;]\n    <div class=\"column counter-column col-lg-3 col-md-6 col-sm-12\">\n        <div class=\"inner wow fadeInLeft\" data-wow-delay=\"0ms\" data-wow-duration=\"1500ms\">\n\n            <div class=\"count-outer count-box\">\n\n                <span class=\"count-text\" data-speed=\"3000\" data-stop=\"15\">0<\/span>+\n\n                <h6 class=\"counter-title\">A\u00f1os en el mercado<\/h6>\n\n            <\/div>\n\n        <\/div>\n\n    <\/div>\n\n[\/vc_column][vc_column width=\u00bb1\/4&#8243;]\n    <div class=\"column counter-column col-lg-3 col-md-6 col-sm-12\">\n        <div class=\"inner wow fadeInLeft\" data-wow-delay=\"0ms\" data-wow-duration=\"1500ms\">\n\n            <div class=\"count-outer count-box\">\n\n                <span class=\"count-text\" data-speed=\"3000\" data-stop=\"500\">0<\/span>+\n\n                <h6 class=\"counter-title\">Clientes satisfechos<\/h6>\n\n            <\/div>\n\n        <\/div>\n\n    <\/div>\n\n[\/vc_column][vc_column width=\u00bb1\/4&#8243;]\n    <div class=\"column counter-column col-lg-3 col-md-6 col-sm-12\">\n        <div class=\"inner wow fadeInLeft\" data-wow-delay=\"0ms\" data-wow-duration=\"1500ms\">\n\n            <div class=\"count-outer count-box\">\n\n                <span class=\"count-text\" data-speed=\"3000\" data-stop=\"100\">0<\/span>+\n\n                <h6 class=\"counter-title\">Proyectos en la nube<\/h6>\n\n            <\/div>\n\n        <\/div>\n\n    <\/div>\n\n[\/vc_column][vc_column width=\u00bb1\/4&#8243;]\n    <div class=\"column counter-column col-lg-3 col-md-6 col-sm-12\">\n        <div class=\"inner wow fadeInLeft\" data-wow-delay=\"0ms\" data-wow-duration=\"1500ms\">\n\n            <div class=\"count-outer count-box\">\n\n                <span class=\"count-text\" data-speed=\"3000\" data-stop=\"200\">0<\/span>+\n\n                <h6 class=\"counter-title\">E-Commerce<\/h6>\n\n            <\/div>\n\n        <\/div>\n\n    <\/div>\n\n[\/vc_column][\/vc_row][vc_row type_row=\u00bbteam\u00bb ses_title=\u00bbOur expert team\u00bb ses_subtitle=\u00bbWe re dedicated\r\nour devoted services features\u00bb][vc_column width=\u00bb1\/4&#8243;]\n    <div class=\"team-block col-lg-3 col-md-6 col-sm-12\">\n\n        <div class=\"inner-box wow fadeInUp\" data-wow-delay=\"0ms\" data-wow-duration=\"1500ms\">\n\n            <div class=\"image\">\n\n                <img decoding=\"async\" src=\"https:\/\/elcaminoweb.com.gt\/wp-content\/uploads\/2019\/02\/team-1.jpg\" alt=\"\" \/>\n\n            <\/div>\n\n            <h5>Suresh Bollom<\/h5>\n\n            <div class=\"designation\">Former Developer<\/div>\n\n            <ul class=\"social-nav\">\n\n                <li><a href=\"#\" class=\"fa fa-facebook\"><\/a><\/li>\n\n                <li><a href=\"#\" class=\"fa fa-instagram\"><\/a><\/li>\n\n                <li><a href=\"#\" class=\"fa fa-behance\"><\/a><\/li>\n\n            <\/ul>\n\n        <\/div>\n\n    <\/div>\n\n[\/vc_column][vc_column width=\u00bb1\/4&#8243;]\n    <div class=\"team-block col-lg-3 col-md-6 col-sm-12\">\n\n        <div class=\"inner-box wow fadeInUp\" data-wow-delay=\"0ms\" data-wow-duration=\"1500ms\">\n\n            <div class=\"image\">\n\n                <img decoding=\"async\" src=\"https:\/\/elcaminoweb.com.gt\/wp-content\/uploads\/2019\/02\/team-2.jpg\" alt=\"\" \/>\n\n            <\/div>\n\n            <h5>Alina Jia<\/h5>\n\n            <div class=\"designation\">Former Developer<\/div>\n\n            <ul class=\"social-nav\">\n\n                <li><a href=\"#\" class=\"fa fa-facebook\"><\/a><\/li>\n\n                <li><a href=\"#\" class=\"fa fa-instagram\"><\/a><\/li>\n\n                <li><a href=\"#\" class=\"fa fa-behance\"><\/a><\/li>\n\n            <\/ul>\n\n        <\/div>\n\n    <\/div>\n\n[\/vc_column][vc_column width=\u00bb1\/4&#8243;]\n    <div class=\"team-block col-lg-3 col-md-6 col-sm-12\">\n\n        <div class=\"inner-box wow fadeInUp\" data-wow-delay=\"0ms\" data-wow-duration=\"1500ms\">\n\n            <div class=\"image\">\n\n                <img decoding=\"async\" src=\"https:\/\/elcaminoweb.com.gt\/wp-content\/uploads\/2019\/02\/team-3.jpg\" alt=\"\" \/>\n\n            <\/div>\n\n            <h5>Domina Li<\/h5>\n\n            <div class=\"designation\">Designer<\/div>\n\n            <ul class=\"social-nav\">\n\n                <li><a href=\"#\" class=\"fa fa-facebook\"><\/a><\/li>\n\n                <li><a href=\"#\" class=\"fa fa-instagram\"><\/a><\/li>\n\n                <li><a href=\"#\" class=\"fa fa-behance\"><\/a><\/li>\n\n            <\/ul>\n\n        <\/div>\n\n    <\/div>\n\n[\/vc_column][vc_column width=\u00bb1\/4&#8243;]\n    <div class=\"team-block col-lg-3 col-md-6 col-sm-12\">\n\n        <div class=\"inner-box wow fadeInUp\" data-wow-delay=\"0ms\" data-wow-duration=\"1500ms\">\n\n            <div class=\"image\">\n\n                <img decoding=\"async\" src=\"https:\/\/elcaminoweb.com.gt\/wp-content\/uploads\/2019\/02\/team-4.jpg\" alt=\"\" \/>\n\n            <\/div>\n\n            <h5>Michael Scott<\/h5>\n\n            <div class=\"designation\">Former Developer<\/div>\n\n            <ul class=\"social-nav\">\n\n                <li><a href=\"#\" class=\"fa fa-facebook\"><\/a><\/li>\n\n                <li><a href=\"#\" class=\"fa fa-instagram\"><\/a><\/li>\n\n                <li><a href=\"#\" class=\"fa fa-behance\"><\/a><\/li>\n\n            <\/ul>\n\n        <\/div>\n\n    <\/div>\n\n[\/vc_column][\/vc_row]","protected":false},"excerpt":{"rendered":"<p>[vc_row][vc_column][\/vc_column][\/vc_row][vc_row type_row=\u00bbabout_style_1&#8243; ses_title_2=\u00bbNuestros Servicios\u00bb ses_subtitle_2=\u00bbNos especializamos en brindar soluciones digitales a medida para nuestros clientes. Contamos con un equipo altamente calificado de expertos en dise\u00f1o web, desarrollo web y m\u00e1s, que trabajan juntos para brindar servicios personalizados y de alta calidad.\u00bb ses_image=\u00bb67&#8243; ses_image2=\u00bb68&#8243;][vc_column width=\u00bb1\/2&#8243; type=\u00bbskills\u00bb][\/vc_column][vc_column width=\u00bb1\/2&#8243;][\/vc_column][\/vc_row][vc_row][vc_column] [\/vc_column][\/vc_row][vc_row][vc_column][vc_raw_html]JTNDZGl2JTIwY2xhc3MlM0QlMjJzZWMtdGl0bGUlMjBjZW50ZXJlZCUyMiUzRSUwQSUzQ2gyJTNFQWxndW5vcyUyMGRlJTIwbnVlc3Ryb3MlMjAlM0NzcGFuJTNFY2xpZW50ZXMlM0MlMkZzcGFuJTNFJTNDJTJGaDIlM0UlMEElM0MlMkZkaXYlM0U=[\/vc_raw_html][\/vc_column][\/vc_row][vc_row type_row=\u00bbsponsor\u00bb ses_title=\u00bbClientes que conf\u00edan en nosotros\u00bb ses_title_2=\u00bbClientes que [&hellip;]<\/p>\n","protected":false},"author":1,"featured_media":0,"parent":0,"menu_order":0,"comment_status":"closed","ping_status":"closed","template":"page-templates\/home-1.php","meta":{"_mi_skip_tracking":false,"footnotes":""},"class_list":["post-54","page","type-page","status-publish","hentry"],"aioseo_notices":[],"_links":{"self":[{"href":"https:\/\/elcaminoweb.com.gt\/index.php?rest_route=\/wp\/v2\/pages\/54","targetHints":{"allow":["GET"]}}],"collection":[{"href":"https:\/\/elcaminoweb.com.gt\/index.php?rest_route=\/wp\/v2\/pages"}],"about":[{"href":"https:\/\/elcaminoweb.com.gt\/index.php?rest_route=\/wp\/v2\/types\/page"}],"author":[{"embeddable":true,"href":"https:\/\/elcaminoweb.com.gt\/index.php?rest_route=\/wp\/v2\/users\/1"}],"replies":[{"embeddable":true,"href":"https:\/\/elcaminoweb.com.gt\/index.php?rest_route=%2Fwp%2Fv2%2Fcomments&post=54"}],"version-history":[{"count":107,"href":"https:\/\/elcaminoweb.com.gt\/index.php?rest_route=\/wp\/v2\/pages\/54\/revisions"}],"predecessor-version":[{"id":810,"href":"https:\/\/elcaminoweb.com.gt\/index.php?rest_route=\/wp\/v2\/pages\/54\/revisions\/810"}],"wp:attachment":[{"href":"https:\/\/elcaminoweb.com.gt\/index.php?rest_route=%2Fwp%2Fv2%2Fmedia&parent=54"}],"curies":[{"name":"wp","href":"https:\/\/api.w.org\/{rel}","templated":true}]}}