{"id":661,"date":"2023-04-28T18:04:24","date_gmt":"2023-04-28T18:04:24","guid":{"rendered":"https:\/\/demo.elcaminoweb.com.gt\/?post_type=product&#038;p=661"},"modified":"2023-05-08T18:30:24","modified_gmt":"2023-05-08T18:30:24","slug":"pagina-web-radio-en-linea","status":"publish","type":"product","link":"https:\/\/elcaminoweb.com.gt\/?product=pagina-web-radio-en-linea","title":{"rendered":"Plan Radio en L\u00ednea"},"content":{"rendered":"<p class=\"has-medium-font-size\">\u00bfQuieres expandir tus horizontes llegando a nuevos oyentes? Nuestras p\u00e1ginas web con radio en l\u00ednea no solo son atractivas visualmente, sino que tambi\u00e9n ofrecen una experiencia auditiva \u00fanica para sus visitantes. Puedes transmitir tu propia programaci\u00f3n de radio en l\u00ednea, lo que permite a los visitantes de tu sitio web escuchar la m\u00fasica o los programas que has seleccionado para ellos.<\/p>\r\n<p class=\"has-medium-font-size\">Ofrecemos:<\/p>\r\n\r\n<ul>\r\n \t<li class=\"has-medium-font-size\">\u2013 Incluye todas las caracterizas del plan posicionamiento<\/li>\r\n \t<li class=\"has-medium-font-size\">\u2013 Dise\u00f1o de p\u00e1gina web<\/li>\r\n \t<li class=\"has-medium-font-size\">\u2013 Streaming de audio 24 x 7<\/li>\r\n \t<li class=\"has-medium-font-size\">\u2013 Auto DJ<\/li>\r\n<\/ul>","protected":false},"excerpt":{"rendered":"<ul class=\"price-list\">\n<li>Servidor por un a\u00f1o<\/li>\n<li>Certificado de seguridad<\/li>\n<li>Dise\u00f1adas en WordPress administrable, entregamos administrador de contenido<\/li>\n<li>Reproductor de audio, pago directo con el proveedor<\/li>\n<\/ul>\n","protected":false},"featured_media":562,"template":"","meta":{"_mi_skip_tracking":false},"product_cat":[36],"product_tag":[],"class_list":{"0":"post-661","1":"product","2":"type-product","3":"status-publish","4":"has-post-thumbnail","6":"product_cat-paginas-web","8":"first","9":"instock","10":"shipping-taxable","11":"purchasable","12":"product-type-simple"},"aioseo_notices":[],"_links":{"self":[{"href":"https:\/\/elcaminoweb.com.gt\/index.php?rest_route=\/wp\/v3\/product\/661","targetHints":{"allow":["GET"]}}],"collection":[{"href":"https:\/\/elcaminoweb.com.gt\/index.php?rest_route=\/wp\/v3\/product"}],"about":[{"href":"https:\/\/elcaminoweb.com.gt\/index.php?rest_route=\/wp\/v2\/types\/product"}],"wp:featuredmedia":[{"embeddable":true,"href":"https:\/\/elcaminoweb.com.gt\/index.php?rest_route=\/wp\/v2\/media\/562"}],"wp:attachment":[{"href":"https:\/\/elcaminoweb.com.gt\/index.php?rest_route=%2Fwp%2Fv2%2Fmedia&parent=661"}],"wp:term":[{"taxonomy":"product_cat","embeddable":true,"href":"https:\/\/elcaminoweb.com.gt\/index.php?rest_route=%2Fwp%2Fv2%2Fproduct_cat&post=661"},{"taxonomy":"product_tag","embeddable":true,"href":"https:\/\/elcaminoweb.com.gt\/index.php?rest_route=%2Fwp%2Fv2%2Fproduct_tag&post=661"}],"curies":[{"name":"wp","href":"https:\/\/api.w.org\/{rel}","templated":true}]}}