{"id":662,"date":"2023-04-28T18:05:30","date_gmt":"2023-04-28T18:05:30","guid":{"rendered":"https:\/\/demo.elcaminoweb.com.gt\/?post_type=product&#038;p=662"},"modified":"2023-05-08T18:28:50","modified_gmt":"2023-05-08T18:28:50","slug":"pagina-web-con-pago-en-linea","status":"publish","type":"product","link":"https:\/\/elcaminoweb.com.gt\/?product=pagina-web-con-pago-en-linea","title":{"rendered":"Plan Venta en L\u00ednea"},"content":{"rendered":"<p class=\"has-medium-font-size\">\u00bfEst\u00e1 buscando una forma de hacer que las compras en l\u00ednea sean m\u00e1s f\u00e1ciles para sus clientes? Ofrecer la opci\u00f3n de pago en l\u00ednea puede hacer que su negocio sea m\u00e1s accesible y conveniente para sus clientes, y en nuestra empresa, podemos ayudarlo a lograrlo.<\/p>\r\n<p class=\"has-medium-font-size\">Ofrecemos:<\/p>\r\n\r\n<ul>\r\n \t<li class=\"has-medium-font-size\">\u2013 Incluye todas las caracter\u00edsticas del plan posicionamiento<\/li>\r\n \t<li class=\"has-medium-font-size\">\u2013 P\u00e1gina web administrable con WooComerce<\/li>\r\n \t<li class=\"has-medium-font-size\">\u2013 Plugin de pago POSVirtual<\/li>\r\n \t<li class=\"has-medium-font-size\">\u2013 Pagos con Tarjeta de Credito-debito y VisaCuotas<\/li>\r\n \t<li class=\"has-medium-font-size\">\u2013 Afiliaci\u00f3n a VisaNet Guatemala<\/li>\r\n<\/ul>","protected":false},"excerpt":{"rendered":"<ul class=\"price-list\">\n<li>Servidor por un a\u00f1o<\/li>\n<li>Certificado de seguridad<\/li>\n<li>Conexi\u00f3n con VisaNet &#8211; PosVirtual pago directo con el proveedor $300 anuales<\/li>\n<li>WooComerce sin l\u00edmite de productos<\/li>\n<\/ul>\n","protected":false},"featured_media":576,"template":"","meta":{"_mi_skip_tracking":false},"product_cat":[36],"product_tag":[],"class_list":{"0":"post-662","1":"product","2":"type-product","3":"status-publish","4":"has-post-thumbnail","6":"product_cat-paginas-web","8":"first","9":"instock","10":"shipping-taxable","11":"purchasable","12":"product-type-simple"},"aioseo_notices":[],"_links":{"self":[{"href":"https:\/\/elcaminoweb.com.gt\/index.php?rest_route=\/wp\/v3\/product\/662","targetHints":{"allow":["GET"]}}],"collection":[{"href":"https:\/\/elcaminoweb.com.gt\/index.php?rest_route=\/wp\/v3\/product"}],"about":[{"href":"https:\/\/elcaminoweb.com.gt\/index.php?rest_route=\/wp\/v2\/types\/product"}],"wp:featuredmedia":[{"embeddable":true,"href":"https:\/\/elcaminoweb.com.gt\/index.php?rest_route=\/wp\/v2\/media\/576"}],"wp:attachment":[{"href":"https:\/\/elcaminoweb.com.gt\/index.php?rest_route=%2Fwp%2Fv2%2Fmedia&parent=662"}],"wp:term":[{"taxonomy":"product_cat","embeddable":true,"href":"https:\/\/elcaminoweb.com.gt\/index.php?rest_route=%2Fwp%2Fv2%2Fproduct_cat&post=662"},{"taxonomy":"product_tag","embeddable":true,"href":"https:\/\/elcaminoweb.com.gt\/index.php?rest_route=%2Fwp%2Fv2%2Fproduct_tag&post=662"}],"curies":[{"name":"wp","href":"https:\/\/api.w.org\/{rel}","templated":true}]}}